{"id":354,"date":"2025-08-08T12:51:15","date_gmt":"2025-08-08T11:51:15","guid":{"rendered":"https:\/\/doblasdebarro.com\/?page_id=354"},"modified":"2025-10-15T12:25:23","modified_gmt":"2025-10-15T11:25:23","slug":"sobre-nosotros","status":"publish","type":"page","link":"https:\/\/doblasdebarro.com\/en\/sobre-nosotros\/","title":{"rendered":"Sobre nosotros"},"content":{"rendered":"<div data-elementor-type=\"wp-page\" data-elementor-id=\"354\" class=\"elementor elementor-354\" data-elementor-post-type=\"page\">\n\t\t\t\t\t\t<section class=\"elementor-section elementor-top-section elementor-element elementor-element-414e0325 elementor-section-boxed elementor-section-height-default elementor-section-height-default\" data-id=\"414e0325\" data-element_type=\"section\" data-e-type=\"section\" data-settings=\"{&quot;background_background&quot;:&quot;classic&quot;}\">\n\t\t\t\t\t\t\t<div class=\"elementor-background-overlay\"><\/div>\n\t\t\t\t\t\t\t<div class=\"elementor-container elementor-column-gap-default\">\n\t\t\t\t\t<div class=\"elementor-column elementor-col-100 elementor-top-column elementor-element elementor-element-6fc8be64\" data-id=\"6fc8be64\" data-element_type=\"column\" data-e-type=\"column\">\n\t\t\t<div class=\"elementor-widget-wrap elementor-element-populated\">\n\t\t\t\t\t\t<section class=\"elementor-section elementor-inner-section elementor-element elementor-element-3b5e077b elementor-section-boxed elementor-section-height-default elementor-section-height-default\" data-id=\"3b5e077b\" data-element_type=\"section\" data-e-type=\"section\">\n\t\t\t\t\t\t<div class=\"elementor-container elementor-column-gap-default\">\n\t\t\t\t\t<div class=\"elementor-column elementor-col-100 elementor-inner-column elementor-element elementor-element-704a0308\" data-id=\"704a0308\" data-element_type=\"column\" data-e-type=\"column\">\n\t\t\t<div class=\"elementor-widget-wrap elementor-element-populated\">\n\t\t\t\t\t\t<div class=\"elementor-element elementor-element-15774612 elementor-widget elementor-widget-heading\" data-id=\"15774612\" data-element_type=\"widget\" data-e-type=\"widget\" data-widget_type=\"heading.default\">\n\t\t\t\t\t<h4 class=\"elementor-heading-title elementor-size-default\">CON\u00d3CENOS<\/h4>\t\t\t\t<\/div>\n\t\t\t\t<div class=\"elementor-element elementor-element-6d116925 elementor-widget elementor-widget-heading\" data-id=\"6d116925\" data-element_type=\"widget\" data-e-type=\"widget\" data-widget_type=\"heading.default\">\n\t\t\t\t\t<h1 class=\"elementor-heading-title elementor-size-default\">Sobre nosotros<\/h1>\t\t\t\t<\/div>\n\t\t\t\t\t<\/div>\n\t\t<\/div>\n\t\t\t\t\t<\/div>\n\t\t<\/section>\n\t\t\t\t\t<\/div>\n\t\t<\/div>\n\t\t\t\t\t<\/div>\n\t\t<\/section>\n\t\t\t\t<section class=\"elementor-section elementor-top-section elementor-element elementor-element-a3c8b68 elementor-section-boxed elementor-section-height-default elementor-section-height-default\" data-id=\"a3c8b68\" data-element_type=\"section\" data-e-type=\"section\">\n\t\t\t\t\t\t\t<div class=\"elementor-background-overlay\"><\/div>\n\t\t\t\t\t\t\t<div class=\"elementor-container elementor-column-gap-wider\">\n\t\t\t\t\t<div class=\"elementor-column elementor-col-50 elementor-top-column elementor-element elementor-element-ef07f1e\" data-id=\"ef07f1e\" data-element_type=\"column\" data-e-type=\"column\">\n\t\t\t<div class=\"elementor-widget-wrap elementor-element-populated\">\n\t\t\t\t\t\t<div class=\"elementor-element elementor-element-922281b elementor-widget elementor-widget-heading\" data-id=\"922281b\" data-element_type=\"widget\" data-e-type=\"widget\" data-widget_type=\"heading.default\">\n\t\t\t\t\t<h4 class=\"elementor-heading-title elementor-size-default\">TODO EL COLOR DEL MEDITERRANEO <\/h4>\t\t\t\t<\/div>\n\t\t\t\t<div class=\"elementor-element elementor-element-dd69234 elementor-widget elementor-widget-heading\" data-id=\"dd69234\" data-element_type=\"widget\" data-e-type=\"widget\" data-widget_type=\"heading.default\">\n\t\t\t\t\t<h2 class=\"elementor-heading-title elementor-size-default\">Angel Doblas y su equipo<\/h2>\t\t\t\t<\/div>\n\t\t\t\t<div class=\"elementor-element elementor-element-a052b7d elementor-widget elementor-widget-text-editor\" data-id=\"a052b7d\" data-element_type=\"widget\" data-e-type=\"widget\" data-widget_type=\"text-editor.default\">\n\t\t\t\t\t\t\t\t\t<p>Doblas DeBarro pone a su alcance todo el color del Mediterr\u00e1neo, en una colecci\u00f3n de azulejos \u00fanica e inimitable.<\/p><p>Con una clara inspiraci\u00f3n de la naturaleza y el color de una zona privilegiada del mundo. un centro de la cultura y el arte de miles de a\u00f1os de tradici\u00f3n, donde el azulejos es, desde siempre, un elemento esencial de toda decoraci\u00f3n.<\/p>\t\t\t\t\t\t\t\t<\/div>\n\t\t\t\t\t<\/div>\n\t\t<\/div>\n\t\t\t\t<div class=\"elementor-column elementor-col-50 elementor-top-column elementor-element elementor-element-f022691\" data-id=\"f022691\" data-element_type=\"column\" data-e-type=\"column\">\n\t\t\t<div class=\"elementor-widget-wrap elementor-element-populated\">\n\t\t\t\t\t\t<div class=\"elementor-element elementor-element-6abf958 elementor-widget elementor-widget-text-editor\" data-id=\"6abf958\" data-element_type=\"widget\" data-e-type=\"widget\" data-widget_type=\"text-editor.default\">\n\t\t\t\t\t\t\t\t\t<p>Una excelente forma de crear ambientes \u00fanicos, realzando la belleza de sus paredes, con formas y colores que solo, Doblas DeBarro es capaz de crear, con unas piezas elaboradas por aut\u00e9nticos artesanos, que recogen y perfeccionan d\u00eda a d\u00eda las t\u00e9cnicas m\u00e1s ancestrales.<\/p><p>En esta web mostramos solo algunas de las infinitas posibilidades decorativas de nuestras piezas. Adem\u00e1s, Doblas DeBarro tiene la capacidad para realizar, bajo pedido, cualquier proyecto especial que se le proponga.<\/p><p>Doblas DeBarro, cuando la Naturaleza se hace Arte.<\/p>\t\t\t\t\t\t\t\t<\/div>\n\t\t\t\t\t<\/div>\n\t\t<\/div>\n\t\t\t\t\t<\/div>\n\t\t<\/section>\n\t\t\t\t<section class=\"elementor-section elementor-top-section elementor-element elementor-element-ce831ff elementor-section-boxed elementor-section-height-default elementor-section-height-default\" data-id=\"ce831ff\" data-element_type=\"section\" data-e-type=\"section\">\n\t\t\t\t\t\t<div class=\"elementor-container elementor-column-gap-default\">\n\t\t\t\t\t<div class=\"elementor-column elementor-col-50 elementor-top-column elementor-element elementor-element-0495952\" data-id=\"0495952\" data-element_type=\"column\" data-e-type=\"column\">\n\t\t\t<div class=\"elementor-widget-wrap elementor-element-populated\">\n\t\t\t\t\t\t<div class=\"elementor-element elementor-element-067a959 elementor-widget elementor-widget-heading\" data-id=\"067a959\" data-element_type=\"widget\" data-e-type=\"widget\" data-widget_type=\"heading.default\">\n\t\t\t\t\t<h3 class=\"elementor-heading-title elementor-size-default\">Misi\u00f3n<\/h3>\t\t\t\t<\/div>\n\t\t\t\t<div class=\"elementor-element elementor-element-d4e2c3a elementor-widget elementor-widget-text-editor\" data-id=\"d4e2c3a\" data-element_type=\"widget\" data-e-type=\"widget\" data-widget_type=\"text-editor.default\">\n\t\t\t\t\t\t\t\t\t<p>Nuestra misi\u00f3n es llevar el arte y la tradici\u00f3n del azulejo artesanal a cada proyecto de dise\u00f1o. Nos dedicamos a crear piezas \u00fanicas e inimitable, inspiradas en la riqueza cultural y crom\u00e1tica del Mediterr\u00e1neo. A trav\u00e9s de la maestr\u00eda de nuestros artesanos y el uso de t\u00e9cnicas ancestrales, buscamos ofrecer una forma de decoraci\u00f3n que no solo reviste, sino que infunde vida y autenticidad a cada espacio, convirtiendo la naturaleza en arte al alcance de nuestros clientes.<\/p>\t\t\t\t\t\t\t\t<\/div>\n\t\t\t\t\t<\/div>\n\t\t<\/div>\n\t\t\t\t<div class=\"elementor-column elementor-col-50 elementor-top-column elementor-element elementor-element-e3a90c6\" data-id=\"e3a90c6\" data-element_type=\"column\" data-e-type=\"column\">\n\t\t\t<div class=\"elementor-widget-wrap elementor-element-populated\">\n\t\t\t\t\t\t<div class=\"elementor-element elementor-element-138cd04 elementor-widget elementor-widget-heading\" data-id=\"138cd04\" data-element_type=\"widget\" data-e-type=\"widget\" data-widget_type=\"heading.default\">\n\t\t\t\t\t<h3 class=\"elementor-heading-title elementor-size-default\">Valores<\/h3>\t\t\t\t<\/div>\n\t\t\t\t<div class=\"elementor-element elementor-element-cb43867 elementor-widget elementor-widget-text-editor\" data-id=\"cb43867\" data-element_type=\"widget\" data-e-type=\"widget\" data-widget_type=\"text-editor.default\">\n\t\t\t\t\t\t\t\t\t<p>En <b>Doblas DeBarro<\/b>, nuestros valores se centran en la autenticidad, la tradici\u00f3n y la excelencia. Creemos en el poder de las manos que perfeccionan d\u00eda a d\u00eda un oficio milenario, y en la importancia de utilizar materiales de la m\u00e1s alta calidad. Valoramos la creatividad y la capacidad de adaptarnos a proyectos especiales, demostrando que la artesan\u00eda puede convivir con las necesidades del dise\u00f1o contempor\u00e1neo. La honestidad en el proceso, el amor por el detalle y el respeto por la materia prima son los pilares que gu\u00edan cada una de nuestras creaciones.<\/p>\t\t\t\t\t\t\t\t<\/div>\n\t\t\t\t\t<\/div>\n\t\t<\/div>\n\t\t\t\t\t<\/div>\n\t\t<\/section>\n\t\t\t\t<section class=\"elementor-section elementor-top-section elementor-element elementor-element-21d2d61 elementor-section-boxed elementor-section-height-default elementor-section-height-default\" data-id=\"21d2d61\" data-element_type=\"section\" data-e-type=\"section\" data-settings=\"{&quot;background_background&quot;:&quot;classic&quot;}\">\n\t\t\t\t\t\t\t<div class=\"elementor-background-overlay\"><\/div>\n\t\t\t\t\t\t\t<div class=\"elementor-container elementor-column-gap-default\">\n\t\t\t\t\t<div class=\"elementor-column elementor-col-100 elementor-top-column elementor-element elementor-element-df41303\" data-id=\"df41303\" data-element_type=\"column\" data-e-type=\"column\">\n\t\t\t<div class=\"elementor-widget-wrap elementor-element-populated\">\n\t\t\t\t\t\t<section class=\"elementor-section elementor-inner-section elementor-element elementor-element-0f43a9e elementor-section-boxed elementor-section-height-default elementor-section-height-default\" data-id=\"0f43a9e\" data-element_type=\"section\" data-e-type=\"section\">\n\t\t\t\t\t\t<div class=\"elementor-container elementor-column-gap-default\">\n\t\t\t\t\t<div class=\"elementor-column elementor-col-100 elementor-inner-column elementor-element elementor-element-2344b3e\" data-id=\"2344b3e\" data-element_type=\"column\" data-e-type=\"column\">\n\t\t\t<div class=\"elementor-widget-wrap elementor-element-populated\">\n\t\t\t\t\t\t<div class=\"elementor-element elementor-element-9e02eb6 elementor-widget elementor-widget-heading\" data-id=\"9e02eb6\" data-element_type=\"widget\" data-e-type=\"widget\" data-widget_type=\"heading.default\">\n\t\t\t\t\t<h4 class=\"elementor-heading-title elementor-size-default\">DEJAME MOSTRARTE<\/h4>\t\t\t\t<\/div>\n\t\t\t\t<div class=\"elementor-element elementor-element-63573fb elementor-widget elementor-widget-heading\" data-id=\"63573fb\" data-element_type=\"widget\" data-e-type=\"widget\" data-widget_type=\"heading.default\">\n\t\t\t\t\t<h2 class=\"elementor-heading-title elementor-size-default\">Colecci\u00f3n<\/h2>\t\t\t\t<\/div>\n\t\t\t\t\t<\/div>\n\t\t<\/div>\n\t\t\t\t\t<\/div>\n\t\t<\/section>\n\t\t\t\t<div class=\"elementor-element elementor-element-1e8089c elementor-align-center elementor-widget elementor-widget-button\" data-id=\"1e8089c\" data-element_type=\"widget\" data-e-type=\"widget\" data-widget_type=\"button.default\">\n\t\t\t\t\t\t\t\t\t\t<a class=\"elementor-button elementor-button-link elementor-size-md elementor-animation-float\" href=\"https:\/\/doblasdebarro.com\/en\/coleccion\/\">\n\t\t\t\t\t\t<span class=\"elementor-button-content-wrapper\">\n\t\t\t\t\t\t\t\t\t<span class=\"elementor-button-text\">ingresa aqui para ver nuestra colecci\u00f3n<\/span>\n\t\t\t\t\t<\/span>\n\t\t\t\t\t<\/a>\n\t\t\t\t\t\t\t\t<\/div>\n\t\t\t\t\t<\/div>\n\t\t<\/div>\n\t\t\t\t\t<\/div>\n\t\t<\/section>\n\t\t\t\t<\/div>","protected":false},"excerpt":{"rendered":"<p>CON\u00d3CENOS Sobre nosotros TODO EL COLOR DEL MEDITERRANEO Angel Doblas y su equipo Doblas DeBarro pone a su alcance todo [&hellip;]<\/p>\n","protected":false},"author":1,"featured_media":0,"parent":0,"menu_order":0,"comment_status":"closed","ping_status":"closed","template":"","meta":{"site-sidebar-layout":"no-sidebar","site-content-layout":"","ast-site-content-layout":"full-width-container","site-content-style":"default","site-sidebar-style":"default","ast-global-header-display":"","ast-banner-title-visibility":"","ast-main-header-display":"","ast-hfb-above-header-display":"","ast-hfb-below-header-display":"","ast-hfb-mobile-header-display":"","site-post-title":"disabled","ast-breadcrumbs-content":"","ast-featured-img":"disabled","footer-sml-layout":"","ast-disable-related-posts":"","theme-transparent-header-meta":"","adv-header-id-meta":"","stick-header-meta":"","header-above-stick-meta":"","header-main-stick-meta":"","header-below-stick-meta":"","astra-migrate-meta-layouts":"default","ast-page-background-enabled":"default","ast-page-background-meta":{"desktop":{"background-color":"var(--ast-global-color-5)","background-image":"","background-repeat":"repeat","background-position":"center center","background-size":"auto","background-attachment":"scroll","background-type":"","background-media":"","overlay-type":"","overlay-color":"","overlay-opacity":"","overlay-gradient":""},"tablet":{"background-color":"","background-image":"","background-repeat":"repeat","background-position":"center center","background-size":"auto","background-attachment":"scroll","background-type":"","background-media":"","overlay-type":"","overlay-color":"","overlay-opacity":"","overlay-gradient":""},"mobile":{"background-color":"","background-image":"","background-repeat":"repeat","background-position":"center center","background-size":"auto","background-attachment":"scroll","background-type":"","background-media":"","overlay-type":"","overlay-color":"","overlay-opacity":"","overlay-gradient":""}},"ast-content-background-meta":{"desktop":{"background-color":"var(--ast-global-color-4)","background-image":"","background-repeat":"repeat","background-position":"center center","background-size":"auto","background-attachment":"scroll","background-type":"","background-media":"","overlay-type":"","overlay-color":"","overlay-opacity":"","overlay-gradient":""},"tablet":{"background-color":"var(--ast-global-color-4)","background-image":"","background-repeat":"repeat","background-position":"center center","background-size":"auto","background-attachment":"scroll","background-type":"","background-media":"","overlay-type":"","overlay-color":"","overlay-opacity":"","overlay-gradient":""},"mobile":{"background-color":"var(--ast-global-color-4)","background-image":"","background-repeat":"repeat","background-position":"center center","background-size":"auto","background-attachment":"scroll","background-type":"","background-media":"","overlay-type":"","overlay-color":"","overlay-opacity":"","overlay-gradient":""}},"footnotes":""},"class_list":["post-354","page","type-page","status-publish","hentry"],"yoast_head":"<!-- This site is optimized with the Yoast SEO plugin v27.4 - https:\/\/yoast.com\/product\/yoast-seo-wordpress\/ -->\n<title>Sobre nosotros - doblasdebarro.com<\/title>\n<meta name=\"robots\" content=\"index, follow, max-snippet:-1, max-image-preview:large, max-video-preview:-1\" \/>\n<link rel=\"canonical\" href=\"https:\/\/doblasdebarro.com\/en\/sobre-nosotros\/\" \/>\n<meta property=\"og:locale\" content=\"en_GB\" \/>\n<meta property=\"og:type\" content=\"article\" \/>\n<meta property=\"og:title\" content=\"Sobre nosotros - doblasdebarro.com\" \/>\n<meta property=\"og:description\" content=\"CON\u00d3CENOS Sobre nosotros TODO EL COLOR DEL MEDITERRANEO Angel Doblas y su equipo Doblas DeBarro pone a su alcance todo [&hellip;]\" \/>\n<meta property=\"og:url\" content=\"https:\/\/doblasdebarro.com\/en\/sobre-nosotros\/\" \/>\n<meta property=\"og:site_name\" content=\"doblasdebarro.com\" \/>\n<meta property=\"article:modified_time\" content=\"2025-10-15T11:25:23+00:00\" \/>\n<meta name=\"twitter:card\" content=\"summary_large_image\" \/>\n<meta name=\"twitter:label1\" content=\"Estimated reading time\" \/>\n\t<meta name=\"twitter:data1\" content=\"2 minutes\" \/>\n<script type=\"application\/ld+json\" class=\"yoast-schema-graph\">{\"@context\":\"https:\\\/\\\/schema.org\",\"@graph\":[{\"@type\":\"WebPage\",\"@id\":\"https:\\\/\\\/doblasdebarro.com\\\/sobre-nosotros\\\/\",\"url\":\"https:\\\/\\\/doblasdebarro.com\\\/sobre-nosotros\\\/\",\"name\":\"Sobre nosotros - doblasdebarro.com\",\"isPartOf\":{\"@id\":\"https:\\\/\\\/doblasdebarro.com\\\/#website\"},\"datePublished\":\"2025-08-08T11:51:15+00:00\",\"dateModified\":\"2025-10-15T11:25:23+00:00\",\"breadcrumb\":{\"@id\":\"https:\\\/\\\/doblasdebarro.com\\\/sobre-nosotros\\\/#breadcrumb\"},\"inLanguage\":\"en-GB\",\"potentialAction\":[{\"@type\":\"ReadAction\",\"target\":[\"https:\\\/\\\/doblasdebarro.com\\\/sobre-nosotros\\\/\"]}]},{\"@type\":\"BreadcrumbList\",\"@id\":\"https:\\\/\\\/doblasdebarro.com\\\/sobre-nosotros\\\/#breadcrumb\",\"itemListElement\":[{\"@type\":\"ListItem\",\"position\":1,\"name\":\"Portada\",\"item\":\"https:\\\/\\\/doblasdebarro.com\\\/\"},{\"@type\":\"ListItem\",\"position\":2,\"name\":\"Sobre nosotros\"}]},{\"@type\":\"WebSite\",\"@id\":\"https:\\\/\\\/doblasdebarro.com\\\/#website\",\"url\":\"https:\\\/\\\/doblasdebarro.com\\\/\",\"name\":\"Doblas DeBarro\",\"description\":\"\",\"publisher\":{\"@id\":\"https:\\\/\\\/doblasdebarro.com\\\/#\\\/schema\\\/person\\\/33b9710397d817bcd9b617e38f398d0f\"},\"potentialAction\":[{\"@type\":\"SearchAction\",\"target\":{\"@type\":\"EntryPoint\",\"urlTemplate\":\"https:\\\/\\\/doblasdebarro.com\\\/?s={search_term_string}\"},\"query-input\":{\"@type\":\"PropertyValueSpecification\",\"valueRequired\":true,\"valueName\":\"search_term_string\"}}],\"inLanguage\":\"en-GB\"},{\"@type\":[\"Person\",\"Organization\"],\"@id\":\"https:\\\/\\\/doblasdebarro.com\\\/#\\\/schema\\\/person\\\/33b9710397d817bcd9b617e38f398d0f\",\"name\":\"admin\",\"image\":{\"@type\":\"ImageObject\",\"inLanguage\":\"en-GB\",\"@id\":\"https:\\\/\\\/doblasdebarro.com\\\/wp-content\\\/uploads\\\/2025\\\/08\\\/LOGO-NEGRO.png\",\"url\":\"https:\\\/\\\/doblasdebarro.com\\\/wp-content\\\/uploads\\\/2025\\\/08\\\/LOGO-NEGRO.png\",\"contentUrl\":\"https:\\\/\\\/doblasdebarro.com\\\/wp-content\\\/uploads\\\/2025\\\/08\\\/LOGO-NEGRO.png\",\"width\":1000,\"height\":1000,\"caption\":\"admin\"},\"logo\":{\"@id\":\"https:\\\/\\\/doblasdebarro.com\\\/wp-content\\\/uploads\\\/2025\\\/08\\\/LOGO-NEGRO.png\"},\"sameAs\":[\"https:\\\/\\\/doblasdebarro.com\"]}]}<\/script>\n<!-- \/ Yoast SEO plugin. -->","yoast_head_json":{"title":"Sobre nosotros - doblasdebarro.com","robots":{"index":"index","follow":"follow","max-snippet":"max-snippet:-1","max-image-preview":"max-image-preview:large","max-video-preview":"max-video-preview:-1"},"canonical":"https:\/\/doblasdebarro.com\/en\/sobre-nosotros\/","og_locale":"en_GB","og_type":"article","og_title":"Sobre nosotros - doblasdebarro.com","og_description":"CON\u00d3CENOS Sobre nosotros TODO EL COLOR DEL MEDITERRANEO Angel Doblas y su equipo Doblas DeBarro pone a su alcance todo [&hellip;]","og_url":"https:\/\/doblasdebarro.com\/en\/sobre-nosotros\/","og_site_name":"doblasdebarro.com","article_modified_time":"2025-10-15T11:25:23+00:00","twitter_card":"summary_large_image","twitter_misc":{"Estimated reading time":"2 minutes"},"schema":{"@context":"https:\/\/schema.org","@graph":[{"@type":"WebPage","@id":"https:\/\/doblasdebarro.com\/sobre-nosotros\/","url":"https:\/\/doblasdebarro.com\/sobre-nosotros\/","name":"Sobre nosotros - doblasdebarro.com","isPartOf":{"@id":"https:\/\/doblasdebarro.com\/#website"},"datePublished":"2025-08-08T11:51:15+00:00","dateModified":"2025-10-15T11:25:23+00:00","breadcrumb":{"@id":"https:\/\/doblasdebarro.com\/sobre-nosotros\/#breadcrumb"},"inLanguage":"en-GB","potentialAction":[{"@type":"ReadAction","target":["https:\/\/doblasdebarro.com\/sobre-nosotros\/"]}]},{"@type":"BreadcrumbList","@id":"https:\/\/doblasdebarro.com\/sobre-nosotros\/#breadcrumb","itemListElement":[{"@type":"ListItem","position":1,"name":"Portada","item":"https:\/\/doblasdebarro.com\/"},{"@type":"ListItem","position":2,"name":"Sobre nosotros"}]},{"@type":"WebSite","@id":"https:\/\/doblasdebarro.com\/#website","url":"https:\/\/doblasdebarro.com\/","name":"Doblas DeBarro","description":"","publisher":{"@id":"https:\/\/doblasdebarro.com\/#\/schema\/person\/33b9710397d817bcd9b617e38f398d0f"},"potentialAction":[{"@type":"SearchAction","target":{"@type":"EntryPoint","urlTemplate":"https:\/\/doblasdebarro.com\/?s={search_term_string}"},"query-input":{"@type":"PropertyValueSpecification","valueRequired":true,"valueName":"search_term_string"}}],"inLanguage":"en-GB"},{"@type":["Person","Organization"],"@id":"https:\/\/doblasdebarro.com\/#\/schema\/person\/33b9710397d817bcd9b617e38f398d0f","name":"admin","image":{"@type":"ImageObject","inLanguage":"en-GB","@id":"https:\/\/doblasdebarro.com\/wp-content\/uploads\/2025\/08\/LOGO-NEGRO.png","url":"https:\/\/doblasdebarro.com\/wp-content\/uploads\/2025\/08\/LOGO-NEGRO.png","contentUrl":"https:\/\/doblasdebarro.com\/wp-content\/uploads\/2025\/08\/LOGO-NEGRO.png","width":1000,"height":1000,"caption":"admin"},"logo":{"@id":"https:\/\/doblasdebarro.com\/wp-content\/uploads\/2025\/08\/LOGO-NEGRO.png"},"sameAs":["https:\/\/doblasdebarro.com"]}]}},"_links":{"self":[{"href":"https:\/\/doblasdebarro.com\/en\/wp-json\/wp\/v2\/pages\/354","targetHints":{"allow":["GET"]}}],"collection":[{"href":"https:\/\/doblasdebarro.com\/en\/wp-json\/wp\/v2\/pages"}],"about":[{"href":"https:\/\/doblasdebarro.com\/en\/wp-json\/wp\/v2\/types\/page"}],"author":[{"embeddable":true,"href":"https:\/\/doblasdebarro.com\/en\/wp-json\/wp\/v2\/users\/1"}],"replies":[{"embeddable":true,"href":"https:\/\/doblasdebarro.com\/en\/wp-json\/wp\/v2\/comments?post=354"}],"version-history":[{"count":25,"href":"https:\/\/doblasdebarro.com\/en\/wp-json\/wp\/v2\/pages\/354\/revisions"}],"predecessor-version":[{"id":640,"href":"https:\/\/doblasdebarro.com\/en\/wp-json\/wp\/v2\/pages\/354\/revisions\/640"}],"wp:attachment":[{"href":"https:\/\/doblasdebarro.com\/en\/wp-json\/wp\/v2\/media?parent=354"}],"curies":[{"name":"wp","href":"https:\/\/api.w.org\/{rel}","templated":true}]}}